{"id":106,"date":"2024-07-31T13:04:56","date_gmt":"2024-07-31T13:04:56","guid":{"rendered":"https:\/\/autoduet.skydoo.com.pl\/?page_id=106"},"modified":"2024-08-06T13:45:25","modified_gmt":"2024-08-06T13:45:25","slug":"o-warsztacie","status":"publish","type":"page","link":"https:\/\/warsztatsubaru.skydoo.com.pl\/?page_id=106","title":{"rendered":"O warsztacie"},"content":{"rendered":"\t\t<div data-elementor-type=\"wp-page\" data-elementor-id=\"106\" class=\"elementor elementor-106\" data-elementor-post-type=\"page\">\n\t\t\t\t<div class=\"elementor-element elementor-element-20ff50c e-flex e-con-boxed e-con e-parent\" data-id=\"20ff50c\" data-element_type=\"container\" data-e-type=\"container\">\n\t\t\t\t\t<div class=\"e-con-inner\">\n\t\t<div class=\"elementor-element elementor-element-edee93c e-con-full e-flex e-con e-child\" data-id=\"edee93c\" data-element_type=\"container\" data-e-type=\"container\">\n\t\t\t\t<div class=\"elementor-element elementor-element-7b62cb6 elementor-widget elementor-widget-image\" data-id=\"7b62cb6\" data-element_type=\"widget\" data-e-type=\"widget\" data-widget_type=\"image.default\">\n\t\t\t\t<div class=\"elementor-widget-container\">\n\t\t\t\t\t\t\t\t\t\t\t\t\t\t\t<img fetchpriority=\"high\" decoding=\"async\" width=\"621\" height=\"740\" src=\"https:\/\/warsztatsubaru.skydoo.com.pl\/wp-content\/uploads\/2024\/07\/Frame-5-1-1.png\" class=\"attachment-large size-large wp-image-112\" alt=\"\" srcset=\"https:\/\/warsztatsubaru.skydoo.com.pl\/wp-content\/uploads\/2024\/07\/Frame-5-1-1.png 621w, https:\/\/warsztatsubaru.skydoo.com.pl\/wp-content\/uploads\/2024\/07\/Frame-5-1-1-252x300.png 252w\" sizes=\"(max-width: 621px) 100vw, 621px\" \/>\t\t\t\t\t\t\t\t\t\t\t\t\t\t\t<\/div>\n\t\t\t\t<\/div>\n\t\t\t\t<\/div>\n\t\t<div class=\"elementor-element elementor-element-832c082 e-con-full e-flex e-con e-child\" data-id=\"832c082\" data-element_type=\"container\" data-e-type=\"container\">\n\t\t\t\t<div class=\"elementor-element elementor-element-5ebfdb4 elementor-widget elementor-widget-heading\" data-id=\"5ebfdb4\" data-element_type=\"widget\" data-e-type=\"widget\" data-widget_type=\"heading.default\">\n\t\t\t\t<div class=\"elementor-widget-container\">\n\t\t\t\t\t<h2 class=\"elementor-heading-title elementor-size-default\">Warsztat<br>samochodowy<br>\n<span style=\"font-weight: 800;text-transform: uppercase\">Subaru<\/span><\/h2>\t\t\t\t<\/div>\n\t\t\t\t<\/div>\n\t\t\t\t<div class=\"elementor-element elementor-element-46a5573 elementor-widget elementor-widget-text-editor\" data-id=\"46a5573\" data-element_type=\"widget\" data-e-type=\"widget\" data-widget_type=\"text-editor.default\">\n\t\t\t\t<div class=\"elementor-widget-container\">\n\t\t\t\t\t\t\t\t\t<p>Nasz&nbsp;warsztat samochodowy&nbsp;kieruje swoj\u0105 ofert\u0119 g\u0142\u00f3wnie do w\u0142a\u015bcicieli, mi\u0142o\u015bnik\u00f3w i pasjonat\u00f3w marki Subaru. Samochody marki&nbsp;Subaru&nbsp;to nasza pasja, jednak\u017ce nie stanowi\u0105 dla nas problemu naprawy pozosta\u0142ych marek samochod\u00f3w.\u2028Warsztat swoj\u0105 dzia\u0142alno\u015b\u0107 rozpocz\u0105\u0142 w 2009 roku, lecz nasze do\u015bwiadczenie zdobywali\u015bmy w ASO Subaru przez prawie 10 lat. Je\u015bli s\u0105 Pa\u0144stwo zainteresowani wsp\u00f3\u0142prac\u0105, zach\u0119camy do pozostawienia kontaktu do siebie za po\u015brednictwem formularza kontaktowego dost\u0119pnego po lewej stronie, lub bezpo\u015bredni kontakt telefoniczny z warsztatem. Nasz warsztat znajduje si\u0119 w gminie&nbsp;Piaseczno, dok\u0142adn\u0105 mapk\u0119 z dojazdem mog\u0105 Pa\u0144stwo zobaczy\u0107 na stronie kontakt.\u2028Ze swojej strony gwarantujemy Pa\u0144stwu pe\u0142en profesjonalizm, oraz kr\u00f3tki okres realizacji. Pracujemy na cz\u0119\u015bciach oryginalnych lub zamiennikach, w zale\u017cno\u015bci od \u017cyczenia klienta. Dobro i bezpiecze\u0144stwo naszych klient\u00f3w jest priorytetem, dlatego zawsze informujemy, na co powinno zwr\u00f3ci\u0107 si\u0119 baczn\u0105 uwag\u0119 i jakie mog\u0105 by\u0107 skutki zaniechania naprawy. To klient podejmuj\u0119 ostateczn\u0105 decyzj\u0119.<\/p>\t\t\t\t\t\t\t\t<\/div>\n\t\t\t\t<\/div>\n\t\t\t\t<div class=\"elementor-element elementor-element-4cb3365 elementor-widget elementor-widget-text-editor\" data-id=\"4cb3365\" data-element_type=\"widget\" data-e-type=\"widget\" data-widget_type=\"text-editor.default\">\n\t\t\t\t<div class=\"elementor-widget-container\">\n\t\t\t\t\t\t\t\t\t<p>Daniel Kowalczyk<\/p>\t\t\t\t\t\t\t\t<\/div>\n\t\t\t\t<\/div>\n\t\t\t\t<div class=\"elementor-element elementor-element-2c32b53 elementor-align-right btn-blue elementor-mobile-align-left elementor-widget elementor-widget-button\" data-id=\"2c32b53\" data-element_type=\"widget\" data-e-type=\"widget\" data-widget_type=\"button.default\">\n\t\t\t\t<div class=\"elementor-widget-container\">\n\t\t\t\t\t\t\t\t\t<div class=\"elementor-button-wrapper\">\n\t\t\t\t\t<a class=\"elementor-button elementor-button-link elementor-size-sm\" href=\"https:\/\/warsztatsubaru.skydoo.com.pl\/kontakt\/\">\n\t\t\t\t\t\t<span class=\"elementor-button-content-wrapper\">\n\t\t\t\t\t\t<span class=\"elementor-button-icon\">\n\t\t\t\t<svg xmlns=\"http:\/\/www.w3.org\/2000\/svg\" width=\"12\" height=\"12\" viewBox=\"0 0 12 12\" fill=\"none\"><path d=\"M6 0.65625L11.3438 6L6 11.3438L5.0625 10.4062L8.78125 6.65625H0.65625V5.34375H8.78125L5.0625 1.59375L6 0.65625Z\" fill=\"white\"><\/path><\/svg>\t\t\t<\/span>\n\t\t\t\t\t\t\t\t\t<span class=\"elementor-button-text\">Um\u00f3w si\u0119<\/span>\n\t\t\t\t\t<\/span>\n\t\t\t\t\t<\/a>\n\t\t\t\t<\/div>\n\t\t\t\t\t\t\t\t<\/div>\n\t\t\t\t<\/div>\n\t\t\t\t<\/div>\n\t\t\t\t\t<\/div>\n\t\t\t\t<\/div>\n\t\t\t\t<\/div>\n\t\t","protected":false},"excerpt":{"rendered":"<p>Warsztatsamochodowy Subaru Nasz&nbsp;warsztat samochodowy&nbsp;kieruje swoj\u0105 ofert\u0119 g\u0142\u00f3wnie do w\u0142a\u015bcicieli, mi\u0142o\u015bnik\u00f3w i pasjonat\u00f3w marki Subaru. Samochody marki&nbsp;Subaru&nbsp;to nasza pasja, jednak\u017ce nie stanowi\u0105 dla nas problemu naprawy pozosta\u0142ych marek samochod\u00f3w.\u2028Warsztat swoj\u0105 dzia\u0142alno\u015b\u0107 rozpocz\u0105\u0142 w 2009 roku, lecz nasze do\u015bwiadczenie zdobywali\u015bmy w ASO Subaru przez prawie 10 lat. Je\u015bli s\u0105 Pa\u0144stwo zainteresowani wsp\u00f3\u0142prac\u0105, zach\u0119camy do pozostawienia kontaktu do [&hellip;]<\/p>\n","protected":false},"author":1,"featured_media":0,"parent":0,"menu_order":0,"comment_status":"closed","ping_status":"closed","template":"elementor_header_footer","meta":{"_acf_changed":false,"footnotes":""},"class_list":["post-106","page","type-page","status-publish","hentry"],"acf":[],"yoast_head":"<!-- This site is optimized with the Yoast SEO plugin v27.4 - https:\/\/yoast.com\/product\/yoast-seo-wordpress\/ -->\n<title>O warsztacie - Auto Duet Warsztat Subaru<\/title>\n<meta name=\"robots\" content=\"index, follow, max-snippet:-1, max-image-preview:large, max-video-preview:-1\" \/>\n<link rel=\"canonical\" href=\"https:\/\/warsztatsubaru.skydoo.com.pl\/o-warsztacie\/\" \/>\n<meta property=\"og:locale\" content=\"pl_PL\" \/>\n<meta property=\"og:type\" content=\"article\" \/>\n<meta property=\"og:title\" content=\"O warsztacie - Auto Duet Warsztat Subaru\" \/>\n<meta property=\"og:description\" content=\"Warsztatsamochodowy Subaru Nasz&nbsp;warsztat samochodowy&nbsp;kieruje swoj\u0105 ofert\u0119 g\u0142\u00f3wnie do w\u0142a\u015bcicieli, mi\u0142o\u015bnik\u00f3w i pasjonat\u00f3w marki Subaru. Samochody marki&nbsp;Subaru&nbsp;to nasza pasja, jednak\u017ce nie stanowi\u0105 dla nas problemu naprawy pozosta\u0142ych marek samochod\u00f3w.\u2028Warsztat swoj\u0105 dzia\u0142alno\u015b\u0107 rozpocz\u0105\u0142 w 2009 roku, lecz nasze do\u015bwiadczenie zdobywali\u015bmy w ASO Subaru przez prawie 10 lat. Je\u015bli s\u0105 Pa\u0144stwo zainteresowani wsp\u00f3\u0142prac\u0105, zach\u0119camy do pozostawienia kontaktu do [&hellip;]\" \/>\n<meta property=\"og:url\" content=\"https:\/\/warsztatsubaru.skydoo.com.pl\/o-warsztacie\/\" \/>\n<meta property=\"og:site_name\" content=\"Auto Duet Warsztat Subaru\" \/>\n<meta property=\"article:modified_time\" content=\"2024-08-06T13:45:25+00:00\" \/>\n<meta property=\"og:image\" content=\"https:\/\/warsztatsubaru.skydoo.com.pl\/wp-content\/uploads\/2024\/07\/Frame-5-1-1.png\" \/>\n<meta name=\"twitter:card\" content=\"summary_large_image\" \/>\n<meta name=\"twitter:label1\" content=\"Szacowany czas czytania\" \/>\n\t<meta name=\"twitter:data1\" content=\"2 minuty\" \/>\n<script type=\"application\/ld+json\" class=\"yoast-schema-graph\">{\"@context\":\"https:\\\/\\\/schema.org\",\"@graph\":[{\"@type\":\"WebPage\",\"@id\":\"https:\\\/\\\/warsztatsubaru.skydoo.com.pl\\\/o-warsztacie\\\/\",\"url\":\"https:\\\/\\\/warsztatsubaru.skydoo.com.pl\\\/o-warsztacie\\\/\",\"name\":\"O warsztacie - Auto Duet Warsztat Subaru\",\"isPartOf\":{\"@id\":\"https:\\\/\\\/warsztatsubaru.skydoo.com.pl\\\/#website\"},\"primaryImageOfPage\":{\"@id\":\"https:\\\/\\\/warsztatsubaru.skydoo.com.pl\\\/o-warsztacie\\\/#primaryimage\"},\"image\":{\"@id\":\"https:\\\/\\\/warsztatsubaru.skydoo.com.pl\\\/o-warsztacie\\\/#primaryimage\"},\"thumbnailUrl\":\"https:\\\/\\\/warsztatsubaru.skydoo.com.pl\\\/wp-content\\\/uploads\\\/2024\\\/07\\\/Frame-5-1-1.png\",\"datePublished\":\"2024-07-31T13:04:56+00:00\",\"dateModified\":\"2024-08-06T13:45:25+00:00\",\"breadcrumb\":{\"@id\":\"https:\\\/\\\/warsztatsubaru.skydoo.com.pl\\\/o-warsztacie\\\/#breadcrumb\"},\"inLanguage\":\"pl-PL\",\"potentialAction\":[{\"@type\":\"ReadAction\",\"target\":[\"https:\\\/\\\/warsztatsubaru.skydoo.com.pl\\\/o-warsztacie\\\/\"]}]},{\"@type\":\"ImageObject\",\"inLanguage\":\"pl-PL\",\"@id\":\"https:\\\/\\\/warsztatsubaru.skydoo.com.pl\\\/o-warsztacie\\\/#primaryimage\",\"url\":\"https:\\\/\\\/warsztatsubaru.skydoo.com.pl\\\/wp-content\\\/uploads\\\/2024\\\/07\\\/Frame-5-1-1.png\",\"contentUrl\":\"https:\\\/\\\/warsztatsubaru.skydoo.com.pl\\\/wp-content\\\/uploads\\\/2024\\\/07\\\/Frame-5-1-1.png\",\"width\":621,\"height\":740},{\"@type\":\"BreadcrumbList\",\"@id\":\"https:\\\/\\\/warsztatsubaru.skydoo.com.pl\\\/o-warsztacie\\\/#breadcrumb\",\"itemListElement\":[{\"@type\":\"ListItem\",\"position\":1,\"name\":\"Strona g\u0142\u00f3wna\",\"item\":\"https:\\\/\\\/warsztatsubaru.skydoo.com.pl\\\/\"},{\"@type\":\"ListItem\",\"position\":2,\"name\":\"O warsztacie\"}]},{\"@type\":\"WebSite\",\"@id\":\"https:\\\/\\\/warsztatsubaru.skydoo.com.pl\\\/#website\",\"url\":\"https:\\\/\\\/warsztatsubaru.skydoo.com.pl\\\/\",\"name\":\"Auto Duet Warsztat Subaru\",\"description\":\"Nieautoryzowany warsztat Subaru D. Kowalczyk\",\"publisher\":{\"@id\":\"https:\\\/\\\/warsztatsubaru.skydoo.com.pl\\\/#organization\"},\"potentialAction\":[{\"@type\":\"SearchAction\",\"target\":{\"@type\":\"EntryPoint\",\"urlTemplate\":\"https:\\\/\\\/warsztatsubaru.skydoo.com.pl\\\/?s={search_term_string}\"},\"query-input\":{\"@type\":\"PropertyValueSpecification\",\"valueRequired\":true,\"valueName\":\"search_term_string\"}}],\"inLanguage\":\"pl-PL\"},{\"@type\":\"Organization\",\"@id\":\"https:\\\/\\\/warsztatsubaru.skydoo.com.pl\\\/#organization\",\"name\":\"Auto Duet Warsztat Subaru\",\"url\":\"https:\\\/\\\/warsztatsubaru.skydoo.com.pl\\\/\",\"logo\":{\"@type\":\"ImageObject\",\"inLanguage\":\"pl-PL\",\"@id\":\"https:\\\/\\\/warsztatsubaru.skydoo.com.pl\\\/#\\\/schema\\\/logo\\\/image\\\/\",\"url\":\"https:\\\/\\\/warsztatsubaru.skydoo.com.pl\\\/wp-content\\\/uploads\\\/2024\\\/07\\\/LogoItem-5.png\",\"contentUrl\":\"https:\\\/\\\/warsztatsubaru.skydoo.com.pl\\\/wp-content\\\/uploads\\\/2024\\\/07\\\/LogoItem-5.png\",\"width\":314,\"height\":100,\"caption\":\"Auto Duet Warsztat Subaru\"},\"image\":{\"@id\":\"https:\\\/\\\/warsztatsubaru.skydoo.com.pl\\\/#\\\/schema\\\/logo\\\/image\\\/\"}}]}<\/script>\n<!-- \/ Yoast SEO plugin. -->","yoast_head_json":{"title":"O warsztacie - Auto Duet Warsztat Subaru","robots":{"index":"index","follow":"follow","max-snippet":"max-snippet:-1","max-image-preview":"max-image-preview:large","max-video-preview":"max-video-preview:-1"},"canonical":"https:\/\/warsztatsubaru.skydoo.com.pl\/o-warsztacie\/","og_locale":"pl_PL","og_type":"article","og_title":"O warsztacie - Auto Duet Warsztat Subaru","og_description":"Warsztatsamochodowy Subaru Nasz&nbsp;warsztat samochodowy&nbsp;kieruje swoj\u0105 ofert\u0119 g\u0142\u00f3wnie do w\u0142a\u015bcicieli, mi\u0142o\u015bnik\u00f3w i pasjonat\u00f3w marki Subaru. Samochody marki&nbsp;Subaru&nbsp;to nasza pasja, jednak\u017ce nie stanowi\u0105 dla nas problemu naprawy pozosta\u0142ych marek samochod\u00f3w.\u2028Warsztat swoj\u0105 dzia\u0142alno\u015b\u0107 rozpocz\u0105\u0142 w 2009 roku, lecz nasze do\u015bwiadczenie zdobywali\u015bmy w ASO Subaru przez prawie 10 lat. Je\u015bli s\u0105 Pa\u0144stwo zainteresowani wsp\u00f3\u0142prac\u0105, zach\u0119camy do pozostawienia kontaktu do [&hellip;]","og_url":"https:\/\/warsztatsubaru.skydoo.com.pl\/o-warsztacie\/","og_site_name":"Auto Duet Warsztat Subaru","article_modified_time":"2024-08-06T13:45:25+00:00","og_image":[{"url":"https:\/\/warsztatsubaru.skydoo.com.pl\/wp-content\/uploads\/2024\/07\/Frame-5-1-1.png","type":"","width":"","height":""}],"twitter_card":"summary_large_image","twitter_misc":{"Szacowany czas czytania":"2 minuty"},"schema":{"@context":"https:\/\/schema.org","@graph":[{"@type":"WebPage","@id":"https:\/\/warsztatsubaru.skydoo.com.pl\/o-warsztacie\/","url":"https:\/\/warsztatsubaru.skydoo.com.pl\/o-warsztacie\/","name":"O warsztacie - Auto Duet Warsztat Subaru","isPartOf":{"@id":"https:\/\/warsztatsubaru.skydoo.com.pl\/#website"},"primaryImageOfPage":{"@id":"https:\/\/warsztatsubaru.skydoo.com.pl\/o-warsztacie\/#primaryimage"},"image":{"@id":"https:\/\/warsztatsubaru.skydoo.com.pl\/o-warsztacie\/#primaryimage"},"thumbnailUrl":"https:\/\/warsztatsubaru.skydoo.com.pl\/wp-content\/uploads\/2024\/07\/Frame-5-1-1.png","datePublished":"2024-07-31T13:04:56+00:00","dateModified":"2024-08-06T13:45:25+00:00","breadcrumb":{"@id":"https:\/\/warsztatsubaru.skydoo.com.pl\/o-warsztacie\/#breadcrumb"},"inLanguage":"pl-PL","potentialAction":[{"@type":"ReadAction","target":["https:\/\/warsztatsubaru.skydoo.com.pl\/o-warsztacie\/"]}]},{"@type":"ImageObject","inLanguage":"pl-PL","@id":"https:\/\/warsztatsubaru.skydoo.com.pl\/o-warsztacie\/#primaryimage","url":"https:\/\/warsztatsubaru.skydoo.com.pl\/wp-content\/uploads\/2024\/07\/Frame-5-1-1.png","contentUrl":"https:\/\/warsztatsubaru.skydoo.com.pl\/wp-content\/uploads\/2024\/07\/Frame-5-1-1.png","width":621,"height":740},{"@type":"BreadcrumbList","@id":"https:\/\/warsztatsubaru.skydoo.com.pl\/o-warsztacie\/#breadcrumb","itemListElement":[{"@type":"ListItem","position":1,"name":"Strona g\u0142\u00f3wna","item":"https:\/\/warsztatsubaru.skydoo.com.pl\/"},{"@type":"ListItem","position":2,"name":"O warsztacie"}]},{"@type":"WebSite","@id":"https:\/\/warsztatsubaru.skydoo.com.pl\/#website","url":"https:\/\/warsztatsubaru.skydoo.com.pl\/","name":"Auto Duet Warsztat Subaru","description":"Nieautoryzowany warsztat Subaru D. Kowalczyk","publisher":{"@id":"https:\/\/warsztatsubaru.skydoo.com.pl\/#organization"},"potentialAction":[{"@type":"SearchAction","target":{"@type":"EntryPoint","urlTemplate":"https:\/\/warsztatsubaru.skydoo.com.pl\/?s={search_term_string}"},"query-input":{"@type":"PropertyValueSpecification","valueRequired":true,"valueName":"search_term_string"}}],"inLanguage":"pl-PL"},{"@type":"Organization","@id":"https:\/\/warsztatsubaru.skydoo.com.pl\/#organization","name":"Auto Duet Warsztat Subaru","url":"https:\/\/warsztatsubaru.skydoo.com.pl\/","logo":{"@type":"ImageObject","inLanguage":"pl-PL","@id":"https:\/\/warsztatsubaru.skydoo.com.pl\/#\/schema\/logo\/image\/","url":"https:\/\/warsztatsubaru.skydoo.com.pl\/wp-content\/uploads\/2024\/07\/LogoItem-5.png","contentUrl":"https:\/\/warsztatsubaru.skydoo.com.pl\/wp-content\/uploads\/2024\/07\/LogoItem-5.png","width":314,"height":100,"caption":"Auto Duet Warsztat Subaru"},"image":{"@id":"https:\/\/warsztatsubaru.skydoo.com.pl\/#\/schema\/logo\/image\/"}}]}},"_links":{"self":[{"href":"https:\/\/warsztatsubaru.skydoo.com.pl\/index.php?rest_route=\/wp\/v2\/pages\/106","targetHints":{"allow":["GET"]}}],"collection":[{"href":"https:\/\/warsztatsubaru.skydoo.com.pl\/index.php?rest_route=\/wp\/v2\/pages"}],"about":[{"href":"https:\/\/warsztatsubaru.skydoo.com.pl\/index.php?rest_route=\/wp\/v2\/types\/page"}],"author":[{"embeddable":true,"href":"https:\/\/warsztatsubaru.skydoo.com.pl\/index.php?rest_route=\/wp\/v2\/users\/1"}],"replies":[{"embeddable":true,"href":"https:\/\/warsztatsubaru.skydoo.com.pl\/index.php?rest_route=%2Fwp%2Fv2%2Fcomments&post=106"}],"version-history":[{"count":28,"href":"https:\/\/warsztatsubaru.skydoo.com.pl\/index.php?rest_route=\/wp\/v2\/pages\/106\/revisions"}],"predecessor-version":[{"id":968,"href":"https:\/\/warsztatsubaru.skydoo.com.pl\/index.php?rest_route=\/wp\/v2\/pages\/106\/revisions\/968"}],"wp:attachment":[{"href":"https:\/\/warsztatsubaru.skydoo.com.pl\/index.php?rest_route=%2Fwp%2Fv2%2Fmedia&parent=106"}],"curies":[{"name":"wp","href":"https:\/\/api.w.org\/{rel}","templated":true}]}}